{"id":25524,"date":"2020-07-06T15:35:57","date_gmt":"2020-07-06T15:35:57","guid":{"rendered":"https:\/\/fennecmotors.com\/loan-calculator\/"},"modified":"2025-12-20T12:51:07","modified_gmt":"2025-12-20T12:51:07","slug":"loan-calculator","status":"publish","type":"page","link":"https:\/\/fennecmotors.com\/fr\/loan-calculator\/","title":{"rendered":"Calculateur de pr\u00eat"},"content":{"rendered":"\t\t<div data-elementor-type=\"wp-page\" data-elementor-id=\"25524\" class=\"elementor elementor-25524 elementor-12464\" data-elementor-post-type=\"page\">\n\t\t\t\t\t\t<section class=\"elementor-section elementor-top-section elementor-element elementor-element-be4c023 elementor-section-boxed elementor-section-height-default elementor-section-height-default wpr-particle-no wpr-jarallax-no wpr-parallax-no wpr-sticky-section-no wpr-equal-height-no\" data-id=\"be4c023\" data-element_type=\"section\" data-e-type=\"section\">\n\t\t\t\t\t\t<div class=\"elementor-container elementor-column-gap-default\">\n\t\t\t\t\t<div class=\"elementor-column elementor-col-100 elementor-top-column elementor-element elementor-element-ff5ae5e\" data-id=\"ff5ae5e\" data-element_type=\"column\" data-e-type=\"column\">\n\t\t\t<div class=\"elementor-widget-wrap elementor-element-populated\">\n\t\t\t\t\t\t<div class=\"elementor-element elementor-element-b2fdcac elementor-widget elementor-widget-spacer\" data-id=\"b2fdcac\" data-element_type=\"widget\" data-e-type=\"widget\" data-widget_type=\"spacer.default\">\n\t\t\t\t\t\t\t<div class=\"elementor-spacer\">\n\t\t\t<div class=\"elementor-spacer-inner\"><\/div>\n\t\t<\/div>\n\t\t\t\t\t\t<\/div>\n\t\t\t\t<div class=\"elementor-element elementor-element-459e4e0 elementor-widget elementor-widget-vehica_loan_calculator_general_widget\" data-id=\"459e4e0\" data-element_type=\"widget\" data-e-type=\"widget\" data-widget_type=\"vehica_loan_calculator_general_widget.default\">\n\t\t\t\t<div class=\"elementor-widget-container\">\n\t\t\t\t\t<div class=\"vehica-app\">\n    <vehica-loan-calculator\n            widget-id=\"459e4e0\"\n            decimal-separator=\".\"\n            thousands-separator=\",\"\n            :price-decimal-places=\"0\"\n            price-decimal-separator=\"\"\n            price-thousands-separator=\",\"\n            :round-to-integer=\"false\"\n    >\n        <div slot-scope=\"props\" class=\"vehica-loan-calculator\">\n            <div class=\"vehica-loan-calculator__title\">\n                Loan Calculator            <\/div>\n\n                            <div class=\"vehica-loan-calculator__subtitle\">\n                    <main class=\"main-content svelte-29epsp\"><div class=\"main-content svelte-mhuesr\"><div class=\"translator-container svelte-bad754\" data-testid=\"side-panel-translator\"><div class=\"output-area svelte-10aez33\" dir=\"ltr\" data-testid=\"side-panel-output\">Utilisez notre calculateur de pr\u00eat pour estimer les paiements sur la dur\u00e9e du pr\u00eat. Entrez vos coordonn\u00e9es pour voir les mensualit\u00e9s potentielles. Vous pouvez ajuster la dur\u00e9e du pr\u00eat, l'acompte ou le taux d'int\u00e9r\u00eat pour voir comment ces changements affectent les montants des mensualit\u00e9s, en les augmentant ou en les diminuant.<\/div><\/div><\/div><\/main>                <\/div>\n            \n            <form @submit.prevent=\"props.onCalculate\">\n                <div class=\"vehica-loan-calculator__fields\">\n                    <div class=\"vehica-loan-calculator__fields__inner\">\n                        <div class=\"vehica-loan-calculator__field-wrapper\">\n                            <h4>\n                                \u0633\u0639\u0631                                <span class=\"vehica-text-primary\">*<\/span>\n                            <\/h4>\n\n                            <div class=\"vehica-loan-calculator__field\">\n                                <div class=\"vehica-loan-calculator__sign\">\n                                    <i class=\"fas fa-tag\"><\/i>\n                                <\/div>\n\n                                <input\n                                        id=\"vehica-459e4e0-loan-calculator__price\"\n                                        type=\"text\"\n                                                                    >\n                            <\/div>\n                        <\/div>\n\n                        <div class=\"vehica-loan-calculator__field-wrapper\">\n                            <h4>\n                                Interest Rate                                <span class=\"vehica-text-primary\">*<\/span>\n                            <\/h4>\n\n                            <div class=\"vehica-loan-calculator__field\">\n                                <div class=\"vehica-loan-calculator__sign\">\n                                    %                                <\/div>\n\n                                <input\n                                        id=\"vehica-459e4e0-loan-calculator__rate\"\n                                        type=\"text\"\n                                        value=\"5\"\n                                >\n                            <\/div>\n                        <\/div>\n\n                        <div class=\"vehica-loan-calculator__field-wrapper\">\n                            <h4>Period (months)                                <span class=\"vehica-text-primary\">*<\/span>\n                            <\/h4>\n\n                            <div class=\"vehica-loan-calculator__field\">\n                                <div class=\"vehica-loan-calculator__sign\">\n                                    <i class=\"far fa-calendar-alt\"><\/i>\n                                <\/div>\n\n                                <input\n                                        id=\"vehica-459e4e0-loan-calculator__months\"\n                                        type=\"text\"\n                                        value=\"36\"\n                                >\n                            <\/div>\n                        <\/div>\n\n                        <div class=\"vehica-loan-calculator__field-wrapper\">\n                            <h4>Down Payment<\/h4>\n\n                            <div class=\"vehica-loan-calculator__field\">\n                                <div class=\"vehica-loan-calculator__sign\">\n                                    $                                <\/div>\n\n                                <input\n                                        id=\"vehica-459e4e0-loan-calculator__contribution\"\n                                        type=\"text\"\n                                                                    >\n                            <\/div>\n                        <\/div>\n                    <\/div>\n                <\/div>\n            <\/form>\n\n            <div>\n                <div class=\"vehica-loan-calculator__separator\"><\/div>\n\n                <div class=\"vehica-loan-calculator__results--wrapper\">\n                    <div class=\"vehica-loan-calculator__results\">\n                        <div class=\"vehica-loan-calculator__results__col\">\n                            <h3>Monthly Payment<\/h3>\n                            <h4 v-if=\"!props.showResults\">-<\/h4>\n                            <template>\n                                <h4 v-if=\"props.showResults\">{{ props.installment }}<\/h4>\n                            <\/template>\n                        <\/div>\n\n                        <div class=\"vehica-loan-calculator__results__col\">\n                            <h3>Total Interest<\/h3>\n                            <h4 v-if=\"!props.showResults\">-<\/h4>\n                            <template>\n                                <h4 v-if=\"props.showResults\">{{ props.interest }}<\/h4>\n                            <\/template>\n                        <\/div>\n\n                        <div class=\"vehica-loan-calculator__results__col\">\n                            <h3>Total Payments<\/h3>\n                            <h4 v-if=\"!props.showResults\">-<\/h4>\n                            <template>\n                                <h4 v-if=\"props.showResults\">\n                                    {{ props.total }}\n                                <\/h4>\n                            <\/template>\n                        <\/div>\n                    <\/div>\n                <\/div>\n                                    <div class=\"vehica-loan-calculator__end-text\">\n                        <article class=\"text-token-text-primary w-full focus:outline-none scroll-mt-[calc(var(--header-height)+min(200px,max(70px,20svh)))]\" dir=\"auto\" data-turn-id=\"request-68e25a5c-3ed4-8326-8d67-b180f49b6834-58\" data-testid=\"conversation-turn-284\" data-scroll-anchor=\"true\" data-turn=\"assistant\"><div class=\"text-base my-auto mx-auto pb-10 [--thread-content-margin:--spacing(4)] thread-sm:[--thread-content-margin:--spacing(6)] thread-lg:[--thread-content-margin:--spacing(16)] px-(--thread-content-margin)\"><div class=\"[--thread-content-max-width:40rem] thread-lg:[--thread-content-max-width:48rem] mx-auto max-w-(--thread-content-max-width) flex-1 group\/turn-messages focus-visible:outline-hidden relative flex w-full min-w-0 flex-col agent-turn\"><div class=\"flex max-w-full flex-col grow\"><div class=\"min-h-8 text-message relative flex w-full flex-col items-end gap-2 text-start break-words whitespace-normal [.text-message+&amp;]:mt-5\" dir=\"auto\" data-message-author-role=\"assistant\" data-message-id=\"9a6a0730-af8d-4af4-a3ee-b4e008b7315d\" data-message-model-slug=\"gpt-5\"><div class=\"flex w-full flex-col gap-1 empty:hidden first:pt-[1px]\"><div class=\"markdown prose dark:prose-invert w-full break-words dark markdown-new-styling\"><p data-start=\"0\" data-end=\"219\" data-is-last-node=\"\" data-is-only-node=\"\">Les frais administratifs, les frais d'immatriculation et les incitations ne sont pas inclus dans ce calcul, car il s'agit uniquement d'une estimation approximative. Les mensualit\u00e9s estim\u00e9es sont fournies \u00e0 titre indicatif et ne constituent pas une offre de financement r\u00e9elle de la part du vendeur de cette voiture. Des taxes et frais suppl\u00e9mentaires peuvent s'appliquer.<\/p><\/div><\/div><\/div><\/div><\/div><\/div><\/article>                    <\/div>\n                            <\/div>\n        <\/div>\n    <\/vehica-loan-calculator>\n<\/div>\t\t\t\t<\/div>\n\t\t\t\t<\/div>\n\t\t\t\t<div class=\"elementor-element elementor-element-1607bc3 elementor-widget elementor-widget-spacer\" data-id=\"1607bc3\" data-element_type=\"widget\" data-e-type=\"widget\" data-widget_type=\"spacer.default\">\n\t\t\t\t\t\t\t<div class=\"elementor-spacer\">\n\t\t\t<div class=\"elementor-spacer-inner\"><\/div>\n\t\t<\/div>\n\t\t\t\t\t\t<\/div>\n\t\t\t\t\t<\/div>\n\t\t<\/div>\n\t\t\t\t\t<\/div>\n\t\t<\/section>\n\t\t\t\t<\/div>\n\t\t","protected":false},"excerpt":{"rendered":"<p>Loan Calculator Utilisez notre calculateur de pr\u00eat pour estimer les paiements sur la dur\u00e9e du pr\u00eat. Entrez vos coordonn\u00e9es pour voir les mensualit\u00e9s potentielles. Vous pouvez ajuster la dur\u00e9e du pr\u00eat, l&rsquo;acompte ou le taux d&rsquo;int\u00e9r\u00eat pour voir comment ces changements affectent les montants des mensualit\u00e9s, en les augmentant ou en les diminuant. \u0633\u0639\u0631 * Interest Rate * % Period (months) * Down Payment $ Monthly Payment &#8211; {{ props.installment }} Total Interest &#8211; {{ props.interest }} Total Payments &#8211; {{ props.total }} Les frais administratifs, les frais d&rsquo;immatriculation et les incitations ne sont pas inclus dans ce calcul, car il s&rsquo;agit uniquement d&rsquo;une estimation approximative. Les mensualit\u00e9s estim\u00e9es sont fournies \u00e0 titre indicatif et ne constituent pas une offre de financement r\u00e9elle de la part du vendeur de cette voiture. Des taxes et frais suppl\u00e9mentaires peuvent s&rsquo;appliquer.<\/p>\n","protected":false},"author":2,"featured_media":0,"parent":0,"menu_order":0,"comment_status":"closed","ping_status":"closed","template":"","meta":{"footnotes":""},"class_list":["post-25524","page","type-page","status-publish","hentry"],"_links":{"self":[{"href":"https:\/\/fennecmotors.com\/fr\/wp-json\/wp\/v2\/pages\/25524","targetHints":{"allow":["GET"]}}],"collection":[{"href":"https:\/\/fennecmotors.com\/fr\/wp-json\/wp\/v2\/pages"}],"about":[{"href":"https:\/\/fennecmotors.com\/fr\/wp-json\/wp\/v2\/types\/page"}],"author":[{"embeddable":true,"href":"https:\/\/fennecmotors.com\/fr\/wp-json\/wp\/v2\/users\/2"}],"replies":[{"embeddable":true,"href":"https:\/\/fennecmotors.com\/fr\/wp-json\/wp\/v2\/comments?post=25524"}],"version-history":[{"count":4,"href":"https:\/\/fennecmotors.com\/fr\/wp-json\/wp\/v2\/pages\/25524\/revisions"}],"predecessor-version":[{"id":25534,"href":"https:\/\/fennecmotors.com\/fr\/wp-json\/wp\/v2\/pages\/25524\/revisions\/25534"}],"wp:attachment":[{"href":"https:\/\/fennecmotors.com\/fr\/wp-json\/wp\/v2\/media?parent=25524"}],"curies":[{"name":"wp","href":"https:\/\/api.w.org\/{rel}","templated":true}]}}